{"id":36,"date":"2025-07-08T08:06:30","date_gmt":"2025-07-08T08:06:30","guid":{"rendered":"https:\/\/gt-sora.123websitedev.com\/?page_id=36"},"modified":"2025-10-10T14:02:41","modified_gmt":"2025-10-10T07:02:41","slug":"lien-he","status":"publish","type":"page","link":"https:\/\/gt-sora.com\/ja\/lien-he\/","title":{"rendered":"\u304a\u554f\u3044\u5408\u308f\u305b"},"content":{"rendered":"<div data-elementor-type=\"wp-page\" data-elementor-id=\"36\" class=\"elementor elementor-36\" data-elementor-post-type=\"page\">\n\t\t\t\t<div class=\"elementor-element elementor-element-f28649c e-flex e-con-boxed e-con e-parent\" data-id=\"f28649c\" data-element_type=\"container\">\n\t\t\t\t\t<div class=\"e-con-inner\">\n\t\t\t\t<div class=\"elementor-element elementor-element-3e25454 elementor-widget elementor-widget-html\" data-id=\"3e25454\" data-element_type=\"widget\" data-widget_type=\"html.default\">\n\t\t\t\t\t<style>\r\n.line-doi {\r\n  border-top: 6px double #2c3c4a;   \/* line \u0111\u00f4i *\/\r\n  width: 100%;                       \/* ch\u1ec9nh chi\u1ec1u ngang line *\/\r\n  max-width: 1200px;\r\n  margin: 10px auto;                \/* canh gi\u1eefa v\u00e0 c\u00e1ch menu *\/\r\n}\r\n<\/style>\r\n\r\n<div class=\"line-doi\"><\/div>\r\n\t\t\t\t<\/div>\n\t\t\t\t\t<\/div>\n\t\t\t\t<\/div>\n\t\t<div class=\"elementor-element elementor-element-ce8b186 e-con-full e-flex e-con e-parent\" data-id=\"ce8b186\" data-element_type=\"container\">\n\t\t<div class=\"elementor-element elementor-element-3bf2866 e-flex e-con-boxed elementor-invisible e-con e-child\" data-id=\"3bf2866\" data-element_type=\"container\" data-settings=\"{&quot;animation&quot;:&quot;fadeInUp&quot;}\">\n\t\t\t\t\t<div class=\"e-con-inner\">\n\t\t\t\t<div class=\"elementor-element elementor-element-d04b8b0 elementor-widget elementor-widget-heading\" data-id=\"d04b8b0\" data-element_type=\"widget\" data-widget_type=\"heading.default\">\n\t\t\t\t\t<h1 class=\"elementor-heading-title elementor-size-default\">\u304a\u554f\u3044\u5408\u308f\u305b<\/h1>\t\t\t\t<\/div>\n\t\t\t\t<div class=\"elementor-element elementor-element-809e638 fluentform-widget-submit-button-left fluent-form-widget-step-header-yes fluent-form-widget-step-progressbar-yes fluentform-widget-submit-button-custom elementor-widget elementor-widget-fluent-form-widget\" data-id=\"809e638\" data-element_type=\"widget\" data-widget_type=\"fluent-form-widget.default\">\n\t\t\t\t<div class=\"elementor-widget-container\">\n\t\t\t\t\t\n            <div class=\"fluentform-widget-wrapper fluentform-widget-align-default\">\n\n            \n            <div class='fluentform ff-default fluentform_wrapper_1 ffs_default_wrap'><form data-form_id=\"1\" id=\"fluentform_1\" class=\"frm-fluent-form fluent_form_1 ff-el-form-top ff_form_instance_1_1 ff-form-loading ffs_default\" data-form_instance=\"ff_form_instance_1_1\" method=\"POST\" action=\"\" ><fieldset  style=\"border: none!important;margin: 0!important;padding: 0!important;background-color: transparent!important;box-shadow: none!important;outline: none!important; min-inline-size: 100%;\">\n                    <legend class=\"ff_screen_reader_title\" style=\"display: block; margin: 0!important;padding: 0!important;height: 0!important;text-indent: -999999px;width: 0!important;overflow:hidden;\">\u63a5\u89e6<\/legend><input type='hidden' name='__fluent_form_embded_post_id' value='36' \/><input type=\"hidden\" id=\"_fluentform_1_fluentformnonce\" name=\"_fluentform_1_fluentformnonce\" value=\"431eed3277\" \/><input type=\"hidden\" name=\"_wp_http_referer\" value=\"\/ja\/wp-json\/wp\/v2\/pages\/36\" \/><div class='ff-el-group ff-el-form-hide_label'><div class=\"ff-el-input--label asterisk-right\"><label for='ff_1_input_text' aria-label=\"H\u1ecd v\u00e0 t\u00ean\">H\u1ecd v\u00e0 t\u00ean<\/label><\/div><div class='ff-el-input--content'><input type=\"text\" name=\"input_text\" class=\"ff-el-form-control\" placeholder=\"H\u1ecd v\u00e0 t\u00ean\" data-name=\"input_text\" id=\"ff_1_input_text\"  aria-invalid=\"false\" aria-required=\"false\"><\/div><\/div><div class='ff-el-group ff-el-form-hide_label'><div class=\"ff-el-input--label asterisk-right\"><label for='ff_1_input_text_1' aria-label=\"\u7d44\u7e54\uff0f\u500b\u4eba\">\u7d44\u7e54\uff0f\u500b\u4eba<\/label><\/div><div class='ff-el-input--content'><input type=\"text\" name=\"input_text_1\" class=\"ff-el-form-control\" placeholder=\"\u7d44\u7e54\uff0f\u500b\u4eba\" data-name=\"input_text_1\" id=\"ff_1_input_text_1\"  aria-invalid=\"false\" aria-required=\"false\"><\/div><\/div><div class='ff-el-group ff-el-form-hide_label'><div class=\"ff-el-input--label ff-el-is-required asterisk-right\"><label for='ff_1_email' aria-label=\"Email\">Email<\/label><\/div><div class='ff-el-input--content'><input type=\"email\" name=\"email\" id=\"ff_1_email\" class=\"ff-el-form-control\" placeholder=\"Email\" data-name=\"email\"  aria-invalid=\"false\" aria-required=\"true\"><\/div><\/div><div class='ff-el-group ff-el-form-hide_label'><div class=\"ff-el-input--label ff-el-is-required asterisk-right\"><label for='ff_1_message' aria-label=\"\u30b3\u30f3\u30c6\u30f3\u30c4\">\u30b3\u30f3\u30c6\u30f3\u30c4<\/label><\/div><div class='ff-el-input--content'><textarea aria-invalid=\"false\" aria-required=\"true\" name=\"message\" id=\"ff_1_message\" class=\"ff-el-form-control\" placeholder=\"\u30b3\u30f3\u30c6\u30f3\u30c4\" rows=\"4\" cols=\"2\" data-name=\"message\" ><\/textarea><\/div><\/div><div class='ff-el-group ff-text-right ff_submit_btn_wrapper'><button type=\"submit\" class=\"ff-btn ff-btn-submit ff-btn-md ff_btn_style\" >\u9001\u4fe1<\/button><\/div><\/fieldset><input type=\"hidden\" name=\"trp-form-language\" value=\"ja\"\/><\/form><div id='fluentform_1_errors' class='ff-errors-in-stack ff_form_instance_1_1 ff-form-loading_errors ff_form_instance_1_1_errors'><\/div><\/div>        <script type=\"text\/javascript\">\n            window.fluent_form_ff_form_instance_1_1 = {\"id\":\"1\",\"settings\":{\"layout\":{\"labelPlacement\":\"top\",\"helpMessagePlacement\":\"with_label\",\"errorMessagePlacement\":\"inline\",\"cssClassName\":\"\",\"asteriskPlacement\":\"asterisk-right\"},\"restrictions\":{\"denyEmptySubmission\":{\"enabled\":false}}},\"form_instance\":\"ff_form_instance_1_1\",\"form_id_selector\":\"fluentform_1\",\"rules\":{\"input_text\":{\"required\":{\"value\":false,\"message\":\"\\u3053\\u306e\\u9805\\u76ee\\u306f\\u5fc5\\u9808\\u3067\\u3059\",\"global_message\":\"Tr\\u01b0\\u1eddng n\\u00e0y l\\u00e0 b\\u1eaft bu\\u1ed9c\",\"global\":true}},\"input_text_1\":{\"required\":{\"value\":false,\"message\":\"\\u3053\\u306e\\u9805\\u76ee\\u306f\\u5fc5\\u9808\\u3067\\u3059\",\"global_message\":\"Tr\\u01b0\\u1eddng n\\u00e0y l\\u00e0 b\\u1eaft bu\\u1ed9c\",\"global\":true}},\"email\":{\"required\":{\"value\":true,\"message\":\"This field is required\",\"global\":false,\"global_message\":\"Tr\\u01b0\\u1eddng n\\u00e0y l\\u00e0 b\\u1eaft bu\\u1ed9c\"},\"email\":{\"value\":true,\"message\":\"This field must contain a valid email\",\"global\":false,\"global_message\":\"Tr\\u01b0\\u1eddng n\\u00e0y ph\\u1ea3i ch\\u1ee9a m\\u1ed9t email h\\u1ee3p l\\u1ec7\"}},\"message\":{\"required\":{\"value\":true,\"message\":\"This field is required\",\"global\":false,\"global_message\":\"Tr\\u01b0\\u1eddng n\\u00e0y l\\u00e0 b\\u1eaft bu\\u1ed9c\"}}},\"debounce_time\":300};\n                    <\/script>\n                    <\/div>\n\n            \t\t\t\t<\/div>\n\t\t\t\t<\/div>\n\t\t\t\t\t<\/div>\n\t\t\t\t<\/div>\n\t\t<div class=\"elementor-element elementor-element-8b21d6f e-con-full e-flex e-con e-child\" data-id=\"8b21d6f\" data-element_type=\"container\">\n\t\t<div class=\"elementor-element elementor-element-d91cf03 e-con-full e-flex elementor-invisible e-con e-child\" data-id=\"d91cf03\" data-element_type=\"container\" data-settings=\"{&quot;background_background&quot;:&quot;classic&quot;,&quot;animation&quot;:&quot;fadeInRight&quot;,&quot;animation_delay&quot;:200}\">\n\t\t\t\t<div class=\"elementor-element elementor-element-7f786de elementor-widget elementor-widget-heading\" data-id=\"7f786de\" data-element_type=\"widget\" data-widget_type=\"heading.default\">\n\t\t\t\t\t<h1 class=\"elementor-heading-title elementor-size-default\">\u9023\u7d61\u5148<\/h1>\t\t\t\t<\/div>\n\t\t\t\t<div class=\"elementor-element elementor-element-93caaff elementor-align-left elementor-icon-list--layout-traditional elementor-list-item-link-full_width elementor-widget elementor-widget-icon-list\" data-id=\"93caaff\" data-element_type=\"widget\" data-widget_type=\"icon-list.default\">\n\t\t\t\t\t\t\t<ul class=\"elementor-icon-list-items\">\n\t\t\t\t\t\t\t<li class=\"elementor-icon-list-item\">\n\t\t\t\t\t\t\t\t\t\t\t<a href=\"tel:02837153291\">\n\n\t\t\t\t\t\t\t\t\t\t\t\t<span class=\"elementor-icon-list-icon\">\n\t\t\t\t\t\t\t<svg aria-hidden=\"true\" class=\"e-font-icon-svg e-fas-phone-alt\" viewbox=\"0 0 512 512\" xmlns=\"http:\/\/www.w3.org\/2000\/svg\"><path d=\"M497.39 361.8l-112-48a24 24 0 0 0-28 6.9l-49.6 60.6A370.66 370.66 0 0 1 130.6 204.11l60.6-49.6a23.94 23.94 0 0 0 6.9-28l-48-112A24.16 24.16 0 0 0 122.6.61l-104 24A24 24 0 0 0 0 48c0 256.5 207.9 464 464 464a24 24 0 0 0 23.4-18.6l24-104a24.29 24.29 0 0 0-14.01-27.6z\"><\/path><\/svg>\t\t\t\t\t\t<\/span>\n\t\t\t\t\t\t\t\t\t\t<span class=\"elementor-icon-list-text\">028-37153-291<\/span>\n\t\t\t\t\t\t\t\t\t\t\t<\/a>\n\t\t\t\t\t\t\t\t\t<\/li>\n\t\t\t\t\t\t\t\t<li class=\"elementor-icon-list-item\">\n\t\t\t\t\t\t\t\t\t\t\t<a href=\"mailto:ctytnhh_gautruc@yahoo.com.vn\">\n\n\t\t\t\t\t\t\t\t\t\t\t\t<span class=\"elementor-icon-list-icon\">\n\t\t\t\t\t\t\t<svg aria-hidden=\"true\" class=\"e-font-icon-svg e-far-envelope\" viewbox=\"0 0 512 512\" xmlns=\"http:\/\/www.w3.org\/2000\/svg\"><path d=\"M464 64H48C21.49 64 0 85.49 0 112v288c0 26.51 21.49 48 48 48h416c26.51 0 48-21.49 48-48V112c0-26.51-21.49-48-48-48zm0 48v40.805c-22.422 18.259-58.168 46.651-134.587 106.49-16.841 13.247-50.201 45.072-73.413 44.701-23.208.375-56.579-31.459-73.413-44.701C106.18 199.465 70.425 171.067 48 152.805V112h416zM48 400V214.398c22.914 18.251 55.409 43.862 104.938 82.646 21.857 17.205 60.134 55.186 103.062 54.955 42.717.231 80.509-37.199 103.053-54.947 49.528-38.783 82.032-64.401 104.947-82.653V400H48z\"><\/path><\/svg>\t\t\t\t\t\t<\/span>\n\t\t\t\t\t\t\t\t\t\t<span class=\"elementor-icon-list-text\">info@gt-sora.com<\/span>\n\t\t\t\t\t\t\t\t\t\t\t<\/a>\n\t\t\t\t\t\t\t\t\t<\/li>\n\t\t\t\t\t\t\t\t<li class=\"elementor-icon-list-item\">\n\t\t\t\t\t\t\t\t\t\t\t<span class=\"elementor-icon-list-icon\">\n\t\t\t\t\t\t\t<svg aria-hidden=\"true\" class=\"e-font-icon-svg e-fas-map-marker-alt\" viewbox=\"0 0 384 512\" xmlns=\"http:\/\/www.w3.org\/2000\/svg\"><path d=\"M172.268 501.67C26.97 291.031 0 269.413 0 192 0 85.961 85.961 0 192 0s192 85.961 192 192c0 77.413-26.97 99.031-172.268 309.67-9.535 13.774-29.93 13.773-39.464 0zM192 272c44.183 0 80-35.817 80-80s-35.817-80-80-80-80 35.817-80 80 35.817 80 80 80z\"><\/path><\/svg>\t\t\t\t\t\t<\/span>\n\t\t\t\t\t\t\t\t\t\t<span class=\"elementor-icon-list-text\">\u30d9\u30c8\u30ca\u30e0 \u3001\u30db\u30fc\u30c1\u30df\u30f3\u5e02 \u3001Dong Hung Thuan \u8857\u30012\u4e01\u76ee\u3001\u0110HT 17 \u901a\u308a\u300198\/5 \u756a<\/span>\n\t\t\t\t\t\t\t\t\t<\/li>\n\t\t\t\t\t\t\t\t<li class=\"elementor-icon-list-item\">\n\t\t\t\t\t\t\t\t\t\t<span class=\"elementor-icon-list-text\"><\/span>\n\t\t\t\t\t\t\t\t\t<\/li>\n\t\t\t\t\t\t<\/ul>\n\t\t\t\t\t\t<\/div>\n\t\t\t\t<\/div>\n\t\t\t\t<div class=\"elementor-element elementor-element-01ba388 elementor-widget elementor-widget-image\" data-id=\"01ba388\" data-element_type=\"widget\" data-widget_type=\"image.default\">\n\t\t\t\t\t\t\t\t\t\t\t\t\t\t\t<img fetchpriority=\"high\" decoding=\"async\" width=\"800\" height=\"557\" src=\"https:\/\/gt-sora.com\/wp-content\/uploads\/2025\/12\/bang-hieu-jp.jpg\" class=\"attachment-large size-large wp-image-2257\" alt=\"\" srcset=\"https:\/\/gt-sora.com\/wp-content\/uploads\/2025\/12\/bang-hieu-jp.jpg 809w, https:\/\/gt-sora.com\/wp-content\/uploads\/2025\/12\/bang-hieu-jp-300x209.jpg 300w, https:\/\/gt-sora.com\/wp-content\/uploads\/2025\/12\/bang-hieu-jp-768x534.jpg 768w, https:\/\/gt-sora.com\/wp-content\/uploads\/2025\/12\/bang-hieu-jp-18x12.jpg 18w\" sizes=\"(max-width: 800px) 100vw, 800px\" \/>\t\t\t\t\t\t\t\t\t\t\t\t\t\t\t<\/div>\n\t\t\t\t<\/div>\n\t\t\t\t<\/div>\n\t\t<div class=\"elementor-element elementor-element-de891f6 e-flex e-con-boxed e-con e-parent\" data-id=\"de891f6\" data-element_type=\"container\">\n\t\t\t\t\t<div class=\"e-con-inner\">\n\t\t\t\t<div class=\"elementor-element elementor-element-99cf6f9 elementor-widget elementor-widget-text-editor\" data-id=\"99cf6f9\" data-element_type=\"widget\" data-widget_type=\"text-editor.default\">\n\t\t\t\t\t\t\t\t\t<p><span style=\"font-size: 14pt;\"><strong>\u304a\u4ed5\u4e8b\u306b\u95a2\u3059\u308b\u4ef6\u306b\u3064\u304d\u307e\u3057\u3066\u306f\u3001\u304a\u6c17\u8efd\u306b\u304a\u554f\u3044\u5408\u308f\u305b\u304f\u3060\u3055\u3044\u3002<\/strong><\/span><br \/>\u304a\u554f\u3044\u5408\u308f\u305b\u5185\u5bb9\u306b\u3088\u3063\u3066\u306f\u3001\u3054\u8fd4\u4fe1\u3067\u304d\u306a\u3044\u5834\u5408\u304c\u3054\u3056\u3044\u307e\u3059\u3002<br \/>\u3054\u4e86\u627f\u3044\u305f\u3060\u3051\u307e\u3059\u3068\u5e78\u3044\u3067\u3059\u3002<br \/>\u514d\u8cac\u4e8b\u9805\u306f\u4ee5\u4e0b\u306e\u3068\u304a\u308a\u3067\u3059\u3002<\/p>\t\t\t\t\t\t\t\t<\/div>\n\t\t\t\t\t<\/div>\n\t\t\t\t<\/div>\n\t\t<div class=\"elementor-element elementor-element-b722c75 e-flex e-con-boxed e-con e-parent\" data-id=\"b722c75\" data-element_type=\"container\">\n\t\t\t\t\t<div class=\"e-con-inner\">\n\t\t\t\t<div class=\"elementor-element elementor-element-0516a98 elementor-widget elementor-widget-html\" data-id=\"0516a98\" data-element_type=\"widget\" data-widget_type=\"html.default\">\n\t\t\t\t\t<!-- G\u1ea1ch ngang ph\u00e2n c\u00e1ch -->\r\n\r\n<!-- B\u1ea3n \u0111\u1ed3 mini kh\u00f4ng vi\u1ec1n -->\r\n<div style=\"max-width: 1200px; margin: 0 auto; overflow: hidden;\">\r\n  <iframe \r\n    src=\"https:\/\/www.google.com\/maps\/embed?pb=!1m18!1m12!1m3!1d3919.107679099229!2d106.6330810757989!3d10.849392257850045!2m3!1f0!2f0!3f0!3m2!1i1024!2i768!4f13.1!3m3!1m2!1s0x3175293d07e4ae4d%3A0x2dcdc5ca6f6771e1!2zQ8O0bmcgdHkgVE5ISCfFqXUgVHLhu6ljICggQmFja2dyb3VuZCkg!5e0!3m2!1svi!2s!4v1727095254069!5m2!1svi!2s\" \r\n    width=\"100%\" \r\n    height=\"200\" \r\n    style=\"border:0;\" \r\n    allowfullscreen=\"\" \r\n    loading=\"lazy\" \r\n    referrerpolicy=\"no-referrer-when-downgrade\">\r\n  <\/iframe>\r\n<\/div>\r\n\t\t\t\t<\/div>\n\t\t\t\t\t<\/div>\n\t\t\t\t<\/div>\n\t\t<div class=\"elementor-element elementor-element-70697b1 e-flex e-con-boxed e-con e-parent\" data-id=\"70697b1\" data-element_type=\"container\">\n\t\t\t\t\t<div class=\"e-con-inner\">\n\t\t\t\t<div class=\"elementor-element elementor-element-d49b46b elementor-widget elementor-widget-html\" data-id=\"d49b46b\" data-element_type=\"widget\" data-widget_type=\"html.default\">\n\t\t\t\t\t<div style=\"border-top:1px solid #000; text-align:left; padding-top:2px; padding-left:20px; font-family:'Times New Roman', Times, serif; font-size:12pt;\">\r\n  Copyright \u00a9 Panda company limited\r\n<\/div>\r\n\t\t\t\t<\/div>\n\t\t\t\t\t<\/div>\n\t\t\t\t<\/div>\n\t\t\t\t<\/div>","protected":false},"excerpt":{"rendered":"<p>Li\u00ean h\u1ec7 v\u1edbi ch\u00fang t\u00f4i Li\u00ean h\u1ec7 H\u1ecd v\u00e0 t\u00eanT\u1ed5 ch\u1ee9c \/ C\u00e1 nh\u00e2nEmailN\u1ed9i dungG\u1eedi ngay Th\u00f4ng tin li\u00ean h\u1ec7 028-37153-291 info@gt-sora.com 98\/5 \u0110\u00f4ng H\u01b0ng Thu\u1eadn 17, Khu ph\u1ed1 2, Ph\u01b0\u1eddng \u0110\u00f4ng H\u01b0ng Thu\u1eadn, Th\u00e0nh ph\u1ed1 H\u1ed3 Ch\u00ed Minh, Vi\u1ec7t Nam Vui l\u00f2ng li\u00ean h\u1ec7 v\u1edbi ch\u00fang t\u00f4i v\u1ec1 c\u00f4ng vi\u1ec7c c\u00f3 li\u00ean quanT\u00f9y thu\u1ed9c v\u00e0o n\u1ed9i dung y\u00eau c\u1ea7u c\u1ee7a qu\u00fd kh\u00e1ch, ch\u00fang t\u00f4i c\u00f3 th\u1ec3 kh\u00f4ng tr\u1ea3 l\u1eddi.Ch\u00fang t\u00f4i r\u1ea5t mong nh\u1eadn \u0111\u01b0\u1ee3c s\u1ef1 th\u00f4ng c\u1ea3m tr\u01b0\u1edbc.Mi\u1ec5n tr\u1eeb tr\u00e1ch nhi\u1ec7m sau: Copyright \u00a9 Panda company limited<\/p>","protected":false},"author":1,"featured_media":0,"parent":0,"menu_order":0,"comment_status":"closed","ping_status":"closed","template":"","meta":{"footnotes":""},"class_list":["post-36","page","type-page","status-publish","hentry"],"acf":[],"yoast_head":"<!-- This site is optimized with the Yoast SEO Premium plugin v20.9 (Yoast SEO v20.9) - https:\/\/yoast.com\/wordpress\/plugins\/seo\/ -->\n<title>LI\u00caN H\u1ec6 - C\u00f4ng Ty TNHH G\u1ea5u Tr\u00fac (GT)<\/title>\n<meta name=\"robots\" content=\"index, follow, max-snippet:-1, max-image-preview:large, max-video-preview:-1\" \/>\n<link rel=\"canonical\" href=\"https:\/\/gt-sora.com\/ja\/lien-he\/\" \/>\n<meta property=\"og:locale\" content=\"ja_JP\" \/>\n<meta property=\"og:type\" content=\"article\" \/>\n<meta property=\"og:title\" content=\"LI\u00caN H\u1ec6 - C\u00f4ng Ty TNHH G\u1ea5u Tr\u00fac (GT)\" \/>\n<meta property=\"og:description\" content=\"Li\u00ean h\u1ec7 v\u1edbi ch\u00fang t\u00f4i Li\u00ean h\u1ec7 H\u1ecd v\u00e0 t\u00eanT\u1ed5 ch\u1ee9c \/ C\u00e1 nh\u00e2nEmailN\u1ed9i dungG\u1eedi ngay Th\u00f4ng tin li\u00ean h\u1ec7 028-37153-291 info@gt-sora.com 98\/5 \u0110\u00f4ng H\u01b0ng Thu\u1eadn 17, Khu ph\u1ed1 2, Ph\u01b0\u1eddng \u0110\u00f4ng H\u01b0ng Thu\u1eadn, Th\u00e0nh ph\u1ed1 H\u1ed3 Ch\u00ed Minh, Vi\u1ec7t Nam Vui l\u00f2ng li\u00ean h\u1ec7 v\u1edbi ch\u00fang t\u00f4i v\u1ec1 c\u00f4ng vi\u1ec7c c\u00f3 li\u00ean quanT\u00f9y thu\u1ed9c v\u00e0o n\u1ed9i dung y\u00eau c\u1ea7u c\u1ee7a qu\u00fd kh\u00e1ch, ch\u00fang t\u00f4i c\u00f3 th\u1ec3 kh\u00f4ng tr\u1ea3 l\u1eddi.Ch\u00fang t\u00f4i r\u1ea5t mong nh\u1eadn \u0111\u01b0\u1ee3c s\u1ef1 th\u00f4ng c\u1ea3m tr\u01b0\u1edbc.Mi\u1ec5n tr\u1eeb tr\u00e1ch nhi\u1ec7m sau: Copyright \u00a9 Panda company limited\" \/>\n<meta property=\"og:url\" content=\"https:\/\/gt-sora.com\/ja\/lien-he\/\" \/>\n<meta property=\"og:site_name\" content=\"C\u00f4ng Ty TNHH G\u1ea5u Tr\u00fac (GT)\" \/>\n<meta property=\"article:modified_time\" content=\"2025-10-10T07:02:41+00:00\" \/>\n<meta property=\"og:image\" content=\"https:\/\/gt-sora.com\/wp-content\/uploads\/2025\/09\/bang-hieu-2.jpg\" \/>\n<meta name=\"twitter:card\" content=\"summary_large_image\" \/>\n<meta name=\"twitter:label1\" content=\"\u63a8\u5b9a\u8aad\u307f\u53d6\u308a\u6642\u9593\" \/>\n\t<meta name=\"twitter:data1\" content=\"1\u5206\" \/>\n<script type=\"application\/ld+json\" class=\"yoast-schema-graph\">{\"@context\":\"https:\/\/schema.org\",\"@graph\":[{\"@type\":\"WebPage\",\"@id\":\"https:\/\/gt-sora.com\/lien-he\/\",\"url\":\"https:\/\/gt-sora.com\/lien-he\/\",\"name\":\"LI\u00caN H\u1ec6 - C\u00f4ng Ty TNHH G\u1ea5u Tr\u00fac (GT)\",\"isPartOf\":{\"@id\":\"https:\/\/gt-sora.com\/#website\"},\"datePublished\":\"2025-07-08T08:06:30+00:00\",\"dateModified\":\"2025-10-10T07:02:41+00:00\",\"breadcrumb\":{\"@id\":\"https:\/\/gt-sora.com\/lien-he\/#breadcrumb\"},\"inLanguage\":\"ja\",\"potentialAction\":[{\"@type\":\"ReadAction\",\"target\":[\"https:\/\/gt-sora.com\/lien-he\/\"]}]},{\"@type\":\"BreadcrumbList\",\"@id\":\"https:\/\/gt-sora.com\/lien-he\/#breadcrumb\",\"itemListElement\":[{\"@type\":\"ListItem\",\"position\":1,\"name\":\"Trang ch\u1ee7\",\"item\":\"https:\/\/gt-sora.com\/\"},{\"@type\":\"ListItem\",\"position\":2,\"name\":\"LI\u00caN H\u1ec6\"}]},{\"@type\":\"WebSite\",\"@id\":\"https:\/\/gt-sora.com\/#website\",\"url\":\"https:\/\/gt-sora.com\/\",\"name\":\"C\u00f4ng Ty TNHH G\u1ea5u Tr\u00fac (GT)\",\"description\":\"\",\"potentialAction\":[{\"@type\":\"SearchAction\",\"target\":{\"@type\":\"EntryPoint\",\"urlTemplate\":\"https:\/\/gt-sora.com\/?s={search_term_string}\"},\"query-input\":\"required name=search_term_string\"}],\"inLanguage\":\"ja\"}]}<\/script>\n<!-- \/ Yoast SEO Premium plugin. -->","yoast_head_json":{"title":"LI\u00caN H\u1ec6 - C\u00f4ng Ty TNHH G\u1ea5u Tr\u00fac (GT)","robots":{"index":"index","follow":"follow","max-snippet":"max-snippet:-1","max-image-preview":"max-image-preview:large","max-video-preview":"max-video-preview:-1"},"canonical":"https:\/\/gt-sora.com\/ja\/lien-he\/","og_locale":"ja_JP","og_type":"article","og_title":"LI\u00caN H\u1ec6 - C\u00f4ng Ty TNHH G\u1ea5u Tr\u00fac (GT)","og_description":"Li\u00ean h\u1ec7 v\u1edbi ch\u00fang t\u00f4i Li\u00ean h\u1ec7 H\u1ecd v\u00e0 t\u00eanT\u1ed5 ch\u1ee9c \/ C\u00e1 nh\u00e2nEmailN\u1ed9i dungG\u1eedi ngay Th\u00f4ng tin li\u00ean h\u1ec7 028-37153-291 info@gt-sora.com 98\/5 \u0110\u00f4ng H\u01b0ng Thu\u1eadn 17, Khu ph\u1ed1 2, Ph\u01b0\u1eddng \u0110\u00f4ng H\u01b0ng Thu\u1eadn, Th\u00e0nh ph\u1ed1 H\u1ed3 Ch\u00ed Minh, Vi\u1ec7t Nam Vui l\u00f2ng li\u00ean h\u1ec7 v\u1edbi ch\u00fang t\u00f4i v\u1ec1 c\u00f4ng vi\u1ec7c c\u00f3 li\u00ean quanT\u00f9y thu\u1ed9c v\u00e0o n\u1ed9i dung y\u00eau c\u1ea7u c\u1ee7a qu\u00fd kh\u00e1ch, ch\u00fang t\u00f4i c\u00f3 th\u1ec3 kh\u00f4ng tr\u1ea3 l\u1eddi.Ch\u00fang t\u00f4i r\u1ea5t mong nh\u1eadn \u0111\u01b0\u1ee3c s\u1ef1 th\u00f4ng c\u1ea3m tr\u01b0\u1edbc.Mi\u1ec5n tr\u1eeb tr\u00e1ch nhi\u1ec7m sau: Copyright \u00a9 Panda company limited","og_url":"https:\/\/gt-sora.com\/ja\/lien-he\/","og_site_name":"C\u00f4ng Ty TNHH G\u1ea5u Tr\u00fac (GT)","article_modified_time":"2025-10-10T07:02:41+00:00","og_image":[{"url":"https:\/\/gt-sora.com\/wp-content\/uploads\/2025\/09\/bang-hieu-2.jpg"}],"twitter_card":"summary_large_image","twitter_misc":{"\u63a8\u5b9a\u8aad\u307f\u53d6\u308a\u6642\u9593":"1\u5206"},"schema":{"@context":"https:\/\/schema.org","@graph":[{"@type":"WebPage","@id":"https:\/\/gt-sora.com\/lien-he\/","url":"https:\/\/gt-sora.com\/lien-he\/","name":"LI\u00caN H\u1ec6 - C\u00f4ng Ty TNHH G\u1ea5u Tr\u00fac (GT)","isPartOf":{"@id":"https:\/\/gt-sora.com\/#website"},"datePublished":"2025-07-08T08:06:30+00:00","dateModified":"2025-10-10T07:02:41+00:00","breadcrumb":{"@id":"https:\/\/gt-sora.com\/lien-he\/#breadcrumb"},"inLanguage":"ja","potentialAction":[{"@type":"ReadAction","target":["https:\/\/gt-sora.com\/lien-he\/"]}]},{"@type":"BreadcrumbList","@id":"https:\/\/gt-sora.com\/lien-he\/#breadcrumb","itemListElement":[{"@type":"ListItem","position":1,"name":"Trang ch\u1ee7","item":"https:\/\/gt-sora.com\/"},{"@type":"ListItem","position":2,"name":"LI\u00caN H\u1ec6"}]},{"@type":"WebSite","@id":"https:\/\/gt-sora.com\/#website","url":"https:\/\/gt-sora.com\/","name":"C\u00f4ng Ty TNHH G\u1ea5u Tr\u00fac (GT)","description":"","potentialAction":[{"@type":"SearchAction","target":{"@type":"EntryPoint","urlTemplate":"https:\/\/gt-sora.com\/?s={search_term_string}"},"query-input":"required name=search_term_string"}],"inLanguage":"ja"}]}},"_links":{"self":[{"href":"https:\/\/gt-sora.com\/ja\/wp-json\/wp\/v2\/pages\/36","targetHints":{"allow":["GET"]}}],"collection":[{"href":"https:\/\/gt-sora.com\/ja\/wp-json\/wp\/v2\/pages"}],"about":[{"href":"https:\/\/gt-sora.com\/ja\/wp-json\/wp\/v2\/types\/page"}],"author":[{"embeddable":true,"href":"https:\/\/gt-sora.com\/ja\/wp-json\/wp\/v2\/users\/1"}],"replies":[{"embeddable":true,"href":"https:\/\/gt-sora.com\/ja\/wp-json\/wp\/v2\/comments?post=36"}],"version-history":[{"count":166,"href":"https:\/\/gt-sora.com\/ja\/wp-json\/wp\/v2\/pages\/36\/revisions"}],"predecessor-version":[{"id":2773,"href":"https:\/\/gt-sora.com\/ja\/wp-json\/wp\/v2\/pages\/36\/revisions\/2773"}],"wp:attachment":[{"href":"https:\/\/gt-sora.com\/ja\/wp-json\/wp\/v2\/media?parent=36"}],"curies":[{"name":"wp","href":"https:\/\/api.w.org\/{rel}","templated":true}]}}