{"id":599,"date":"2025-07-17T21:33:19","date_gmt":"2025-07-18T04:33:19","guid":{"rendered":"https:\/\/gt-sora.123websitedev.com\/?page_id=599"},"modified":"2025-10-09T15:26:39","modified_gmt":"2025-10-09T08:26:39","slug":"tuyen-dung","status":"publish","type":"page","link":"https:\/\/gt-sora.com\/ja\/tuyen-dung\/","title":{"rendered":"\u63a1\u7528\u60c5\u5831"},"content":{"rendered":"<div data-elementor-type=\"wp-page\" data-elementor-id=\"599\" class=\"elementor elementor-599\" data-elementor-post-type=\"page\">\n\t\t\t\t<div class=\"elementor-element elementor-element-bb90cac e-flex e-con-boxed e-con e-parent\" data-id=\"bb90cac\" data-element_type=\"container\">\n\t\t\t\t\t<div class=\"e-con-inner\">\n\t\t\t\t<div class=\"elementor-element elementor-element-779d96b elementor--h-position-center elementor--v-position-middle elementor-pagination-position-inside elementor-widget elementor-widget-slides\" data-id=\"779d96b\" data-element_type=\"widget\" data-settings=\"{&quot;navigation&quot;:&quot;dots&quot;,&quot;autoplay&quot;:&quot;yes&quot;,&quot;pause_on_interaction&quot;:&quot;yes&quot;,&quot;autoplay_speed&quot;:5000,&quot;infinite&quot;:&quot;yes&quot;,&quot;transition&quot;:&quot;slide&quot;,&quot;transition_speed&quot;:500}\" data-widget_type=\"slides.default\">\n\t\t\t\t\t\t\t\t\t\t<div class=\"elementor-slides-wrapper elementor-main-swiper swiper\" role=\"region\" aria-roledescription=\"carousel\" aria-label=\"\u30b9\u30e9\u30a4\u30c9\" dir=\"ltr\" data-animation=\"fadeInUp\">\n\t\t\t\t<div class=\"swiper-wrapper elementor-slides\">\n\t\t\t\t\t\t\t\t\t\t<div class=\"elementor-repeater-item-52e7164 swiper-slide\" role=\"group\" aria-roledescription=\"slide\"><div class=\"swiper-slide-bg\" role=\"img\"><\/div><div class=\"swiper-slide-inner\" ><div class=\"swiper-slide-contents\"><\/div><\/div><\/div>\t\t\t\t<\/div>\n\t\t\t\t\t\t\t<\/div>\n\t\t\t\t\t\t\t\t<\/div>\n\t\t<div class=\"elementor-element elementor-element-fb4ca66 e-con-full e-transform animated-slow e-flex e-con e-child\" data-id=\"fb4ca66\" data-element_type=\"container\" data-settings=\"{&quot;position&quot;:&quot;absolute&quot;,&quot;_transform_translateX_effect&quot;:{&quot;unit&quot;:&quot;%&quot;,&quot;size&quot;:-50,&quot;sizes&quot;:[]},&quot;_transform_translateX_effect_tablet&quot;:{&quot;unit&quot;:&quot;%&quot;,&quot;size&quot;:&quot;&quot;,&quot;sizes&quot;:[]},&quot;_transform_translateX_effect_mobile&quot;:{&quot;unit&quot;:&quot;%&quot;,&quot;size&quot;:&quot;&quot;,&quot;sizes&quot;:[]},&quot;_transform_translateY_effect&quot;:{&quot;unit&quot;:&quot;%&quot;,&quot;size&quot;:-50,&quot;sizes&quot;:[]},&quot;_transform_translateY_effect_tablet&quot;:{&quot;unit&quot;:&quot;%&quot;,&quot;size&quot;:&quot;&quot;,&quot;sizes&quot;:[]},&quot;_transform_translateY_effect_mobile&quot;:{&quot;unit&quot;:&quot;%&quot;,&quot;size&quot;:&quot;&quot;,&quot;sizes&quot;:[]},&quot;animation&quot;:&quot;none&quot;}\">\n\t\t\t\t<\/div>\n\t\t\t\t\t<\/div>\n\t\t\t\t<\/div>\n\t\t<div class=\"elementor-element elementor-element-7f7d4d0 e-flex e-con-boxed e-con e-parent\" data-id=\"7f7d4d0\" data-element_type=\"container\">\n\t\t\t\t\t<div class=\"e-con-inner\">\n\t\t\t\t<div class=\"elementor-element elementor-element-5f86608 elementor-widget elementor-widget-text-editor\" data-id=\"5f86608\" data-element_type=\"widget\" data-widget_type=\"text-editor.default\">\n\t\t\t\t\t\t\t\t\t<p data-start=\"2744\" data-end=\"2821\"><span style=\"font-family: 'times new roman', times, serif; font-size: 14pt;\"><strong data-start=\"2788\" data-end=\"2802\">Lo\u1ea1i h\u00ecnh:<\/strong> To\u00e0n th\u1eddi gian t\u1ea1i c\u00f4ng ty<\/span><\/p><p data-start=\"2823\" data-end=\"2835\"><span style=\"font-family: 'times new roman', times, serif; font-size: 14pt;\"><strong data-start=\"2823\" data-end=\"2835\">V\u1ecb tr\u00ed:<\/strong><\/span><\/p><ul data-start=\"2836\" data-end=\"3095\"><li data-start=\"2836\" data-end=\"2923\"><p data-start=\"2838\" data-end=\"2923\"><span style=\"font-family: 'times new roman', times, serif; font-size: 14pt;\">Qu\u1ea3n l\u00fd background anime 2D v\u00e0 3D.<\/span><\/p><\/li><li data-start=\"2924\" data-end=\"3005\"><span style=\"font-family: 'times new roman', times, serif; font-size: 14pt;\">H\u1ecda vi\u00ean background anime 2D v\u00e0 3D.\u00a0<\/span><\/li><\/ul><p data-start=\"3097\" data-end=\"3109\"><span style=\"font-family: 'times new roman', times, serif; font-size: 14pt;\"><strong data-start=\"3097\" data-end=\"3109\">Y\u00eau c\u1ea7u:<\/strong><\/span><\/p><ul><li><span style=\"font-family: 'times new roman', times, serif; font-size: 14pt;\">Th\u00e0nh th\u1ea1o Photoshop ho\u1eb7c 3ds max theo v\u1ecb tr\u00ed t\u01b0\u01a1ng x\u1ee9ng.<\/span><\/li><li><span style=\"font-family: 'times new roman', times, serif; font-size: 14pt;\">C\u00f3 n\u0103ng khi\u1ebfu v\u1ec1 ph\u1ed1i c\u1ea3nh anime.<\/span><\/li><li><span style=\"font-family: 'times new roman', times, serif; font-size: 14pt;\">C\u00f3 t\u00ednh c\u1ea9n th\u1eadn v\u00e0 tinh th\u1ea7n tr\u00e1ch nhi\u1ec7m cao<\/span><\/li><li><span style=\"font-family: 'times new roman', times, serif; font-size: 14pt;\">Bi\u1ebft qu\u1ea3n l\u00fd th\u1eddi gian v\u00e0 ti\u1ebfn \u0111\u1ed9 c\u00e1 nh\u00e2n<\/span><\/li><li><span style=\"font-family: 'times new roman', times, serif; font-size: 14pt;\">L\u00e0m vi\u1ec7c theo nh\u00f3m\u00a0<\/span><\/li><li><span style=\"font-family: 'times new roman', times, serif; font-size: 14pt;\">\u01afu ti\u00ean c\u00f3 kinh nghi\u1ec7m trong ng\u00e0nh anime v\u1ec1 l\u0129nh v\u1ef1c background.<\/span><\/li><\/ul><p data-start=\"3320\" data-end=\"3342\"><span style=\"font-family: 'times new roman', times, serif; font-size: 14pt;\"><strong data-start=\"3320\" data-end=\"3342\">M\u00f4 t\u1ea3 c\u00f4ng vi\u1ec7c:<\/strong><\/span><\/p><ul><li><span style=\"font-family: 'times new roman', times, serif; font-size: 14pt;\">Th\u1ef1c hi\u1ec7n v\u1ebd background.<\/span><\/li><li><span style=\"font-family: 'times new roman', times, serif; font-size: 14pt;\">S\u1eed d\u1ee5ng ph\u1ea7n m\u1ec1m \u0111\u1ed3 h\u1ecda.<\/span><\/li><li><span style=\"font-family: 'times new roman', times, serif; font-size: 14pt;\">Ph\u1ed1i h\u1ee3p v\u1edbi c\u00e1c b\u1ed9 ph\u1eadn ti\u1ebfn h\u00e0nh s\u1ea3n xu\u1ea5t.<\/span><\/li><li><span style=\"font-family: 'times new roman', times, serif; font-size: 14pt;\">\u0110\u1ea3m b\u1ea3o ch\u1ea5t l\u01b0\u1ee3ng.<\/span><\/li><li><span style=\"font-family: 'times new roman', times, serif; font-size: 14pt;\">\u0110\u1ea3m b\u1ea3o ti\u1ebfn \u0111\u1ed9.<\/span><\/li><\/ul><p data-start=\"3320\" data-end=\"3342\"><span style=\"font-family: 'times new roman', times, serif; font-size: 14pt;\"><strong data-start=\"3320\" data-end=\"3342\">Ph\u00fac l\u1ee3i \u0111\u1eb7c bi\u1ec7t:<\/strong><\/span><\/p><ul data-start=\"3343\" data-end=\"3489\"><li data-start=\"3343\" data-end=\"3401\"><p data-start=\"3345\" data-end=\"3401\"><span style=\"font-family: 'times new roman', times, serif; font-size: 14pt;\">L\u01b0\u01a1ng th\u01b0\u1edfng cao, x\u1ee9ng \u0111\u00e1ng v\u1edbi n\u0103ng l\u1ef1c v\u00e0 kinh nghi\u1ec7m.<\/span><\/p><\/li><li data-start=\"3402\" data-end=\"3439\"><p data-start=\"3404\" data-end=\"3439\"><span style=\"font-family: 'times new roman', times, serif; font-size: 14pt;\">C\u01a1 h\u1ed9i d\u1eabn d\u1eaft nh\u00f3m c\u00f9ng d\u1ef1 \u00e1n.<\/span><\/p><\/li><li data-start=\"3440\" data-end=\"3489\"><p data-start=\"3442\" data-end=\"3489\"><span style=\"font-family: 'times new roman', times, serif; font-size: 14pt;\">L\u00e0m vi\u1ec7c tr\u1ef1c ti\u1ebfp c\u00f9ng v\u1edbi c\u00e1c \u0111\u1ed1i t\u00e1c l\u1edbn t\u1ea1i Nh\u1eadt B\u1ea3n.<\/span><\/p><\/li><\/ul>\t\t\t\t\t\t\t\t<\/div>\n\t\t\t\t\t<\/div>\n\t\t\t\t<\/div>\n\t\t<div class=\"elementor-element elementor-element-48b35fa e-flex e-con-boxed e-con e-parent\" data-id=\"48b35fa\" data-element_type=\"container\">\n\t\t\t\t\t<div class=\"e-con-inner\">\n\t\t\t\t<div class=\"elementor-element elementor-element-8cbe62f elementor-widget elementor-widget-html\" data-id=\"8cbe62f\" data-element_type=\"widget\" data-widget_type=\"html.default\">\n\t\t\t\t\t<div style=\"border-top:1px solid #000; text-align:left; padding-top:2px; padding-left:20px; font-family:'Times New Roman', Times, serif; font-size:12pt;\">\r\n  Copyright \u00a9 Panda company limited\r\n<\/div>\r\n\t\t\t\t<\/div>\n\t\t\t\t\t<\/div>\n\t\t\t\t<\/div>\n\t\t\t\t<\/div>","protected":false},"excerpt":{"rendered":"<p>Lo\u1ea1i h\u00ecnh: To\u00e0n th\u1eddi gian t\u1ea1i c\u00f4ng ty V\u1ecb tr\u00ed: Qu\u1ea3n l\u00fd background anime 2D v\u00e0 3D. H\u1ecda vi\u00ean background anime 2D v\u00e0 3D.\u00a0 Y\u00eau c\u1ea7u: Th\u00e0nh th\u1ea1o Photoshop ho\u1eb7c 3ds max theo v\u1ecb tr\u00ed t\u01b0\u01a1ng x\u1ee9ng. C\u00f3 n\u0103ng khi\u1ebfu v\u1ec1 ph\u1ed1i c\u1ea3nh anime. C\u00f3 t\u00ednh c\u1ea9n th\u1eadn v\u00e0 tinh th\u1ea7n tr\u00e1ch nhi\u1ec7m cao Bi\u1ebft qu\u1ea3n l\u00fd th\u1eddi gian v\u00e0 ti\u1ebfn \u0111\u1ed9 c\u00e1 nh\u00e2n L\u00e0m vi\u1ec7c theo nh\u00f3m\u00a0 \u01afu ti\u00ean c\u00f3 kinh nghi\u1ec7m trong ng\u00e0nh anime v\u1ec1 l\u0129nh v\u1ef1c background. M\u00f4 t\u1ea3 c\u00f4ng vi\u1ec7c: Th\u1ef1c hi\u1ec7n v\u1ebd background. S\u1eed d\u1ee5ng ph\u1ea7n m\u1ec1m \u0111\u1ed3 h\u1ecda. Ph\u1ed1i h\u1ee3p v\u1edbi c\u00e1c b\u1ed9 ph\u1eadn ti\u1ebfn h\u00e0nh s\u1ea3n xu\u1ea5t. \u0110\u1ea3m b\u1ea3o ch\u1ea5t l\u01b0\u1ee3ng. \u0110\u1ea3m b\u1ea3o [&hellip;]<\/p>","protected":false},"author":1,"featured_media":0,"parent":0,"menu_order":0,"comment_status":"closed","ping_status":"closed","template":"","meta":{"footnotes":""},"class_list":["post-599","page","type-page","status-publish","hentry"],"acf":[],"yoast_head":"<!-- This site is optimized with the Yoast SEO Premium plugin v20.9 (Yoast SEO v20.9) - https:\/\/yoast.com\/wordpress\/plugins\/seo\/ -->\n<title>TUY\u1ec2N D\u1ee4NG - C\u00f4ng Ty TNHH G\u1ea5u Tr\u00fac (GT)<\/title>\n<meta name=\"robots\" content=\"index, follow, max-snippet:-1, max-image-preview:large, max-video-preview:-1\" \/>\n<link rel=\"canonical\" href=\"https:\/\/gt-sora.com\/ja\/tuyen-dung\/\" \/>\n<meta property=\"og:locale\" content=\"ja_JP\" \/>\n<meta property=\"og:type\" content=\"article\" \/>\n<meta property=\"og:title\" content=\"TUY\u1ec2N D\u1ee4NG - C\u00f4ng Ty TNHH G\u1ea5u Tr\u00fac (GT)\" \/>\n<meta property=\"og:description\" content=\"Lo\u1ea1i h\u00ecnh: To\u00e0n th\u1eddi gian t\u1ea1i c\u00f4ng ty V\u1ecb tr\u00ed: Qu\u1ea3n l\u00fd background anime 2D v\u00e0 3D. H\u1ecda vi\u00ean background anime 2D v\u00e0 3D.\u00a0 Y\u00eau c\u1ea7u: Th\u00e0nh th\u1ea1o Photoshop ho\u1eb7c 3ds max theo v\u1ecb tr\u00ed t\u01b0\u01a1ng x\u1ee9ng. C\u00f3 n\u0103ng khi\u1ebfu v\u1ec1 ph\u1ed1i c\u1ea3nh anime. C\u00f3 t\u00ednh c\u1ea9n th\u1eadn v\u00e0 tinh th\u1ea7n tr\u00e1ch nhi\u1ec7m cao Bi\u1ebft qu\u1ea3n l\u00fd th\u1eddi gian v\u00e0 ti\u1ebfn \u0111\u1ed9 c\u00e1 nh\u00e2n L\u00e0m vi\u1ec7c theo nh\u00f3m\u00a0 \u01afu ti\u00ean c\u00f3 kinh nghi\u1ec7m trong ng\u00e0nh anime v\u1ec1 l\u0129nh v\u1ef1c background. M\u00f4 t\u1ea3 c\u00f4ng vi\u1ec7c: Th\u1ef1c hi\u1ec7n v\u1ebd background. S\u1eed d\u1ee5ng ph\u1ea7n m\u1ec1m \u0111\u1ed3 h\u1ecda. Ph\u1ed1i h\u1ee3p v\u1edbi c\u00e1c b\u1ed9 ph\u1eadn ti\u1ebfn h\u00e0nh s\u1ea3n xu\u1ea5t. \u0110\u1ea3m b\u1ea3o ch\u1ea5t l\u01b0\u1ee3ng. \u0110\u1ea3m b\u1ea3o [&hellip;]\" \/>\n<meta property=\"og:url\" content=\"https:\/\/gt-sora.com\/ja\/tuyen-dung\/\" \/>\n<meta property=\"og:site_name\" content=\"C\u00f4ng Ty TNHH G\u1ea5u Tr\u00fac (GT)\" \/>\n<meta property=\"article:modified_time\" content=\"2025-10-09T08:26:39+00:00\" \/>\n<meta name=\"twitter:card\" content=\"summary_large_image\" \/>\n<script type=\"application\/ld+json\" class=\"yoast-schema-graph\">{\"@context\":\"https:\/\/schema.org\",\"@graph\":[{\"@type\":\"WebPage\",\"@id\":\"https:\/\/gt-sora.com\/tuyen-dung\/\",\"url\":\"https:\/\/gt-sora.com\/tuyen-dung\/\",\"name\":\"TUY\u1ec2N D\u1ee4NG - C\u00f4ng Ty TNHH G\u1ea5u Tr\u00fac (GT)\",\"isPartOf\":{\"@id\":\"https:\/\/gt-sora.com\/#website\"},\"datePublished\":\"2025-07-18T04:33:19+00:00\",\"dateModified\":\"2025-10-09T08:26:39+00:00\",\"breadcrumb\":{\"@id\":\"https:\/\/gt-sora.com\/tuyen-dung\/#breadcrumb\"},\"inLanguage\":\"ja\",\"potentialAction\":[{\"@type\":\"ReadAction\",\"target\":[\"https:\/\/gt-sora.com\/tuyen-dung\/\"]}]},{\"@type\":\"BreadcrumbList\",\"@id\":\"https:\/\/gt-sora.com\/tuyen-dung\/#breadcrumb\",\"itemListElement\":[{\"@type\":\"ListItem\",\"position\":1,\"name\":\"Trang ch\u1ee7\",\"item\":\"https:\/\/gt-sora.com\/\"},{\"@type\":\"ListItem\",\"position\":2,\"name\":\"TUY\u1ec2N D\u1ee4NG\"}]},{\"@type\":\"WebSite\",\"@id\":\"https:\/\/gt-sora.com\/#website\",\"url\":\"https:\/\/gt-sora.com\/\",\"name\":\"C\u00f4ng Ty TNHH G\u1ea5u Tr\u00fac (GT)\",\"description\":\"\",\"potentialAction\":[{\"@type\":\"SearchAction\",\"target\":{\"@type\":\"EntryPoint\",\"urlTemplate\":\"https:\/\/gt-sora.com\/?s={search_term_string}\"},\"query-input\":\"required name=search_term_string\"}],\"inLanguage\":\"ja\"}]}<\/script>\n<!-- \/ Yoast SEO Premium plugin. -->","yoast_head_json":{"title":"TUY\u1ec2N D\u1ee4NG - C\u00f4ng Ty TNHH G\u1ea5u Tr\u00fac (GT)","robots":{"index":"index","follow":"follow","max-snippet":"max-snippet:-1","max-image-preview":"max-image-preview:large","max-video-preview":"max-video-preview:-1"},"canonical":"https:\/\/gt-sora.com\/ja\/tuyen-dung\/","og_locale":"ja_JP","og_type":"article","og_title":"TUY\u1ec2N D\u1ee4NG - C\u00f4ng Ty TNHH G\u1ea5u Tr\u00fac (GT)","og_description":"Lo\u1ea1i h\u00ecnh: To\u00e0n th\u1eddi gian t\u1ea1i c\u00f4ng ty V\u1ecb tr\u00ed: Qu\u1ea3n l\u00fd background anime 2D v\u00e0 3D. H\u1ecda vi\u00ean background anime 2D v\u00e0 3D.\u00a0 Y\u00eau c\u1ea7u: Th\u00e0nh th\u1ea1o Photoshop ho\u1eb7c 3ds max theo v\u1ecb tr\u00ed t\u01b0\u01a1ng x\u1ee9ng. C\u00f3 n\u0103ng khi\u1ebfu v\u1ec1 ph\u1ed1i c\u1ea3nh anime. C\u00f3 t\u00ednh c\u1ea9n th\u1eadn v\u00e0 tinh th\u1ea7n tr\u00e1ch nhi\u1ec7m cao Bi\u1ebft qu\u1ea3n l\u00fd th\u1eddi gian v\u00e0 ti\u1ebfn \u0111\u1ed9 c\u00e1 nh\u00e2n L\u00e0m vi\u1ec7c theo nh\u00f3m\u00a0 \u01afu ti\u00ean c\u00f3 kinh nghi\u1ec7m trong ng\u00e0nh anime v\u1ec1 l\u0129nh v\u1ef1c background. M\u00f4 t\u1ea3 c\u00f4ng vi\u1ec7c: Th\u1ef1c hi\u1ec7n v\u1ebd background. S\u1eed d\u1ee5ng ph\u1ea7n m\u1ec1m \u0111\u1ed3 h\u1ecda. Ph\u1ed1i h\u1ee3p v\u1edbi c\u00e1c b\u1ed9 ph\u1eadn ti\u1ebfn h\u00e0nh s\u1ea3n xu\u1ea5t. \u0110\u1ea3m b\u1ea3o ch\u1ea5t l\u01b0\u1ee3ng. \u0110\u1ea3m b\u1ea3o [&hellip;]","og_url":"https:\/\/gt-sora.com\/ja\/tuyen-dung\/","og_site_name":"C\u00f4ng Ty TNHH G\u1ea5u Tr\u00fac (GT)","article_modified_time":"2025-10-09T08:26:39+00:00","twitter_card":"summary_large_image","schema":{"@context":"https:\/\/schema.org","@graph":[{"@type":"WebPage","@id":"https:\/\/gt-sora.com\/tuyen-dung\/","url":"https:\/\/gt-sora.com\/tuyen-dung\/","name":"TUY\u1ec2N D\u1ee4NG - C\u00f4ng Ty TNHH G\u1ea5u Tr\u00fac (GT)","isPartOf":{"@id":"https:\/\/gt-sora.com\/#website"},"datePublished":"2025-07-18T04:33:19+00:00","dateModified":"2025-10-09T08:26:39+00:00","breadcrumb":{"@id":"https:\/\/gt-sora.com\/tuyen-dung\/#breadcrumb"},"inLanguage":"ja","potentialAction":[{"@type":"ReadAction","target":["https:\/\/gt-sora.com\/tuyen-dung\/"]}]},{"@type":"BreadcrumbList","@id":"https:\/\/gt-sora.com\/tuyen-dung\/#breadcrumb","itemListElement":[{"@type":"ListItem","position":1,"name":"Trang ch\u1ee7","item":"https:\/\/gt-sora.com\/"},{"@type":"ListItem","position":2,"name":"TUY\u1ec2N D\u1ee4NG"}]},{"@type":"WebSite","@id":"https:\/\/gt-sora.com\/#website","url":"https:\/\/gt-sora.com\/","name":"C\u00f4ng Ty TNHH G\u1ea5u Tr\u00fac (GT)","description":"","potentialAction":[{"@type":"SearchAction","target":{"@type":"EntryPoint","urlTemplate":"https:\/\/gt-sora.com\/?s={search_term_string}"},"query-input":"required name=search_term_string"}],"inLanguage":"ja"}]}},"_links":{"self":[{"href":"https:\/\/gt-sora.com\/ja\/wp-json\/wp\/v2\/pages\/599","targetHints":{"allow":["GET"]}}],"collection":[{"href":"https:\/\/gt-sora.com\/ja\/wp-json\/wp\/v2\/pages"}],"about":[{"href":"https:\/\/gt-sora.com\/ja\/wp-json\/wp\/v2\/types\/page"}],"author":[{"embeddable":true,"href":"https:\/\/gt-sora.com\/ja\/wp-json\/wp\/v2\/users\/1"}],"replies":[{"embeddable":true,"href":"https:\/\/gt-sora.com\/ja\/wp-json\/wp\/v2\/comments?post=599"}],"version-history":[{"count":73,"href":"https:\/\/gt-sora.com\/ja\/wp-json\/wp\/v2\/pages\/599\/revisions"}],"predecessor-version":[{"id":2700,"href":"https:\/\/gt-sora.com\/ja\/wp-json\/wp\/v2\/pages\/599\/revisions\/2700"}],"wp:attachment":[{"href":"https:\/\/gt-sora.com\/ja\/wp-json\/wp\/v2\/media?parent=599"}],"curies":[{"name":"wp","href":"https:\/\/api.w.org\/{rel}","templated":true}]}}