{"id":9,"date":"2025-07-08T08:00:47","date_gmt":"2025-07-08T08:00:47","guid":{"rendered":"https:\/\/gt-sora.123websitedev.com\/?page_id=9"},"modified":"2025-12-30T12:04:03","modified_gmt":"2025-12-30T05:04:03","slug":"trang-chu","status":"publish","type":"page","link":"https:\/\/gt-sora.com\/ja\/trang-chu\/","title":{"rendered":"\u30db\u30fc\u30e0"},"content":{"rendered":"<div data-elementor-type=\"wp-page\" data-elementor-id=\"9\" class=\"elementor elementor-9\" data-elementor-post-type=\"page\">\n\t\t\t\t<div class=\"elementor-element elementor-element-8130cdf e-flex e-con-boxed e-con e-parent\" data-id=\"8130cdf\" data-element_type=\"container\">\n\t\t\t\t\t<div class=\"e-con-inner\">\n\t\t\t\t<div class=\"elementor-element elementor-element-9b479f2 elementor--h-position-center elementor--v-position-middle elementor-arrows-position-inside elementor-pagination-position-inside elementor-widget elementor-widget-slides\" data-id=\"9b479f2\" data-element_type=\"widget\" data-settings=\"{&quot;navigation&quot;:&quot;both&quot;,&quot;autoplay&quot;:&quot;yes&quot;,&quot;pause_on_interaction&quot;:&quot;yes&quot;,&quot;autoplay_speed&quot;:5000,&quot;infinite&quot;:&quot;yes&quot;,&quot;transition&quot;:&quot;slide&quot;,&quot;transition_speed&quot;:500}\" data-widget_type=\"slides.default\">\n\t\t\t\t\t\t\t\t\t\t<div class=\"elementor-slides-wrapper elementor-main-swiper swiper\" role=\"region\" aria-roledescription=\"carousel\" aria-label=\"\u30b9\u30e9\u30a4\u30c9\" dir=\"ltr\" data-animation=\"\">\n\t\t\t\t<div class=\"swiper-wrapper elementor-slides\">\n\t\t\t\t\t\t\t\t\t\t<div class=\"elementor-repeater-item-34cb11b swiper-slide\" role=\"group\" aria-roledescription=\"slide\"><div class=\"swiper-slide-bg\" role=\"img\"><\/div><a class=\"swiper-slide-inner\" href=\"https:\/\/gt-sora.com\/wp-content\/uploads\/2025\/12\/02.jpg\"><div class=\"swiper-slide-contents\"><\/div><\/a><\/div><div class=\"elementor-repeater-item-113adc5 swiper-slide\" role=\"group\" aria-roledescription=\"slide\"><div class=\"swiper-slide-bg\" role=\"img\"><\/div><a class=\"swiper-slide-inner\" href=\"https:\/\/gt-sora.com\/wp-content\/uploads\/2025\/12\/04.jpg\"><div class=\"swiper-slide-contents\"><\/div><\/a><\/div><div class=\"elementor-repeater-item-0cb6e31 swiper-slide\" role=\"group\" aria-roledescription=\"slide\"><div class=\"swiper-slide-bg\" role=\"img\"><\/div><a class=\"swiper-slide-inner\" href=\"https:\/\/gt-sora.com\/wp-content\/uploads\/2025\/12\/05.jpg\"><div class=\"swiper-slide-contents\"><\/div><\/a><\/div>\t\t\t\t<\/div>\n\t\t\t\t\t\t\t\t\t\t\t\t\t\t\t<div class=\"elementor-swiper-button elementor-swiper-button-prev\" role=\"button\" tabindex=\"0\" aria-label=\"Previous slide\">\n\t\t\t\t\t\t\t<svg aria-hidden=\"true\" class=\"e-font-icon-svg e-eicon-chevron-left\" viewbox=\"0 0 1000 1000\" xmlns=\"http:\/\/www.w3.org\/2000\/svg\"><path d=\"M646 125C629 125 613 133 604 142L308 442C296 454 292 471 292 487 292 504 296 521 308 533L604 854C617 867 629 875 646 875 663 875 679 871 692 858 704 846 713 829 713 812 713 796 708 779 692 767L438 487 692 225C700 217 708 204 708 187 708 171 704 154 692 142 675 129 663 125 646 125Z\"><\/path><\/svg>\t\t\t\t\t\t<\/div>\n\t\t\t\t\t\t<div class=\"elementor-swiper-button elementor-swiper-button-next\" role=\"button\" tabindex=\"0\" aria-label=\"Next slide\">\n\t\t\t\t\t\t\t<svg aria-hidden=\"true\" class=\"e-font-icon-svg e-eicon-chevron-right\" viewbox=\"0 0 1000 1000\" xmlns=\"http:\/\/www.w3.org\/2000\/svg\"><path d=\"M696 533C708 521 713 504 713 487 713 471 708 454 696 446L400 146C388 133 375 125 354 125 338 125 325 129 313 142 300 154 292 171 292 187 292 204 296 221 308 233L563 492 304 771C292 783 288 800 288 817 288 833 296 850 308 863 321 871 338 875 354 875 371 875 388 867 400 854L696 533Z\"><\/path><\/svg>\t\t\t\t\t\t<\/div>\n\t\t\t\t\t\t\t\t\t\t\t\t\t\t\t\t<div class=\"swiper-pagination\"><\/div>\n\t\t\t\t\t\t\t\t\t\t\t\t<\/div>\n\t\t\t\t\t\t\t\t<\/div>\n\t\t\t\t\t<\/div>\n\t\t\t\t<\/div>\n\t\t<div class=\"elementor-element elementor-element-27e942f e-con-full e-flex e-con e-parent\" data-id=\"27e942f\" data-element_type=\"container\">\n\t\t\t\t<div class=\"elementor-element elementor-element-43e206e elementor-widget__width-initial elementor-widget elementor-widget-html\" data-id=\"43e206e\" data-element_type=\"widget\" data-widget_type=\"html.default\">\n\t\t\t\t\t<div style=\"max-width: 1150px; margin: 20px auto; border: 2px solid #fff; border-radius: 6px; overflow: hidden;\">\r\n  <table style=\"width: 100%; border-collapse: collapse; font-size: 16px;\">\r\n    <tr>\r\n      <td style=\"border: 1px solid #fff; background-color: #f2f2f2; padding: 12px; width: 25%;\"><strong>\u4f1a\u793e\u540d<\/strong><\/td>\r\n      <td style=\"border: 1px solid #fff; background-color: #f9f9f9; padding: 12px; width: 75%;\">\u30d1\u30f3\u30c0\u6709\u9650\u4f1a\u793e<\/td>\r\n    <\/tr>\r\n    <tr>\r\n      <td style=\"border: 1px solid #fff; background-color: #f2f2f2; padding: 12px;\"><strong>\u6cd5\u5b9a\u4ee3\u8868\u8005<\/strong><\/td>\r\n      <td style=\"border: 1px solid #fff; background-color: #f9f9f9; padding: 12px;\">\u30b0\u30a8\u30f3 \u30a2\u30f3 \u30e6\u30f3<\/td>\r\n    <\/tr>\r\n    <tr>\r\n      <td style=\"border: 1px solid #fff; background-color: #f2f2f2; padding: 12px;\"><strong>\u8a2d\u7acb\u5e74<\/strong><\/td>\r\n      <td style=\"border: 1px solid #fff; background-color: #f9f9f9; padding: 12px;\">2006<\/td>\r\n    <\/tr>\r\n    <tr>\r\n      <td style=\"border: 1px solid #fff; background-color: #f2f2f2; padding: 12px;\"><strong>\u5f93\u696d\u54e1\u6570<\/strong><\/td>\r\n      <td style=\"border: 1px solid #fff; background-color: #f9f9f9; padding: 12px;\">30\u540d<\/td>\r\n    <\/tr>\r\n    <tr>\r\n      <td style=\"border: 1px solid #fff; background-color: #f2f2f2; padding: 12px;\"><strong>\u4e8b\u696d\u5185\u5bb9<\/strong><\/td>\r\n      <td style=\"border: 1px solid #fff; background-color: #f9f9f9; padding: 12px;\"> \u30a2\u30cb\u30e1\u80cc\u666f\u5236\u4f5c<\/td>\r\n    <\/tr>\r\n    <tr>\r\n      <td style=\"border: 1px solid #fff; background-color: #f2f2f2; padding: 12px;\"><strong>\u0110\u1ecba ch\u1ec9<\/strong><\/td>\r\n      <td style=\"border: 1px solid #fff; background-color: #f9f9f9; padding: 12px; white-space: nowrap;\">\u30d9\u30c8\u30ca\u30e0 \u3001\u30db\u30fc\u30c1\u30df\u30f3\u5e02 \u3001Dong Hung Thuan \u8857\u30012\u4e01\u76ee\u3001\u0110HT 17 \u901a\u308a\u300198\/5 \u756a<\/td>\r\n    <\/tr>\r\n    <tr>\r\n      <td style=\"border: 1px solid #fff; background-color: #f2f2f2; padding: 12px;\"><strong>URL<\/strong><\/td>\r\n      <td style=\"border: 1px solid #fff; background-color: #f9f9f9; padding: 12px;\">http:\/\/gt-sora.com<\/td>\r\n    <\/tr>\r\n    <tr>\r\n      <td style=\"border: 1px solid #fff; background-color: #f2f2f2; padding: 12px;\"><strong>Email<\/strong><\/td>\r\n      <td style=\"border: 1px solid #fff; background-color: #f9f9f9; padding: 12px;\">info@gt-sora.com<\/td>\r\n    <\/tr>\r\n    <tr>\r\n      <td style=\"border: 1px solid #fff; background-color: #f2f2f2; padding: 12px;\"><strong>\u96fb\u8a71\u756a\u53f7<\/strong><\/td>\r\n      <td style=\"border: 1px solid #fff; background-color: #f9f9f9; padding: 12px;\">028-3715-3291<\/td>\r\n    <\/tr>\r\n  <\/table>\r\n<\/div>\r\n\t\t\t\t<\/div>\n\t\t\t\t<\/div>\n\t\t<div class=\"elementor-element elementor-element-a91db18 e-flex e-con-boxed e-con e-parent\" data-id=\"a91db18\" data-element_type=\"container\">\n\t\t\t\t\t<div class=\"e-con-inner\">\n\t\t\t\t<div class=\"elementor-element elementor-element-abd5176 elementor-widget elementor-widget-html\" data-id=\"abd5176\" data-element_type=\"widget\" data-widget_type=\"html.default\">\n\t\t\t\t\t<iframe \r\n  src=\"https:\/\/www.google.com\/maps\/embed?pb=!1m18!1m12!1m3!1d3919.107679099229!2d106.6330810757989!3d10.849392257850045!2m3!1f0!2f0!3f0!3m2!1i1024!2i768!4f13.1!3m3!1m2!1s0x3175293d07e4ae4d%3A0x2dcdc5ca6f6771e1!2zQ8O0bmcgdHkgVE5ISCfFqXUgVHLhu6ljICggQmFja2dyb3VuZCkg!5e0!3m2!1svi!2s!4v1727095254069!5m2!1svi!2s\" \r\n  width=\"100%\" \r\n  height=\"500\" \r\n  style=\"border:0;\" \r\n  allowfullscreen=\"\" \r\n  loading=\"lazy\" \r\n  referrerpolicy=\"no-referrer-when-downgrade\">\r\n<\/iframe>\r\n\t\t\t\t<\/div>\n\t\t\t\t\t<\/div>\n\t\t\t\t<\/div>\n\t\t<div class=\"elementor-element elementor-element-5cfad3b e-flex e-con-boxed e-con e-parent\" data-id=\"5cfad3b\" data-element_type=\"container\">\n\t\t\t\t\t<div class=\"e-con-inner\">\n\t\t\t\t<div class=\"elementor-element elementor-element-a15c89d elementor-widget elementor-widget-html\" data-id=\"a15c89d\" data-element_type=\"widget\" data-widget_type=\"html.default\">\n\t\t\t\t\t<div style=\"border-top:1px solid #000; text-align:left; padding-top:2px; padding-left:20px; font-family:'Times New Roman', Times, serif; font-size:12pt;\">\r\n  Copyright \u00a9 Panda company limited\r\n<\/div>\r\n\t\t\t\t<\/div>\n\t\t\t\t\t<\/div>\n\t\t\t\t<\/div>\n\t\t\t\t<\/div>","protected":false},"excerpt":{"rendered":"<p>T\u00ean c\u00f4ng ty C\u00d4NG TY TNHH G\u1ea4U TR\u00daC Ng\u01b0\u1eddi \u0111\u1ea1i di\u1ec7n ph\u00e1p lu\u1eadt Nguy\u1ec5n Anh D\u0169ng N\u0103m th\u00e0nh l\u1eadp 2006 Nh\u00e2n s\u1ef1 30 ng\u01b0\u1eddi L\u0129nh v\u1ef1c ho\u1ea1t \u0111\u1ed9ng H\u00ecnh n\u1ec1n phim ho\u1ea1t h\u00ecnh \u0110\u1ecba ch\u1ec9 98\/5 \u0110\u01b0\u1eddng \u0110\u00f4ng H\u01b0ng Thu\u1eadn 17, Khu Ph\u1ed1 2, Ph\u01b0\u1eddng \u0110\u00f4ng H\u01b0ng Thu\u1eadn, H\u1ed3 Ch\u00ed Minh, Vi\u1ec7t Nam URL http:\/\/gt-sora.com Email info@gt-sora.com Tel 028-3715-3291 Copyright \u00a9 Panda company limited<\/p>","protected":false},"author":1,"featured_media":0,"parent":0,"menu_order":0,"comment_status":"closed","ping_status":"closed","template":"elementor_header_footer","meta":{"footnotes":""},"class_list":["post-9","page","type-page","status-publish","hentry"],"acf":[],"yoast_head":"<!-- This site is optimized with the Yoast SEO Premium plugin v20.9 (Yoast SEO v20.9) - https:\/\/yoast.com\/wordpress\/plugins\/seo\/ -->\n<title>C\u00f4ng Ty TNHH G\u1ea5u Tr\u00fac (GT)<\/title>\n<meta name=\"description\" content=\"Ch\u00fang t\u00f4i tin r\u1eb1ng background kh\u00f4ng ch\u1ec9 l\u00e0 khung c\u1ea3nh, m\u00e0 c\u00f2n l\u00e0 ng\u00f4n ng\u1eef h\u00ecnh \u1ea3nh g\u00f3p ph\u1ea7n k\u1ec3 chuy\u1ec7n v\u00e0 truy\u1ec1n t\u1ea3i c\u1ea3m x\u00fac. V\u1edbi ph\u01b0\u01a1ng ch\u00e2m \u201cB\u1ed1i c\u1ea3nh t\u1ea1o c\u1ea3m x\u00fac \u2013 Kh\u00f4ng gian l\u00e0m n\u00ean chi\u1ec1u s\u00e2u\u201d, t\u1eebng t\u00e1c ph\u1ea9m c\u1ee7a ch\u00fang t\u00f4i \u0111\u1ec1u \u0111\u01b0\u1ee3c ch\u0103m ch\u00fat nh\u1eb1m t\u1ea1o n\u00ean tr\u1ea3i nghi\u1ec7m th\u1ecb gi\u00e1c tr\u1ecdn v\u1eb9n cho kh\u00e1n gi\u1ea3.\" \/>\n<meta name=\"robots\" content=\"index, follow, max-snippet:-1, max-image-preview:large, max-video-preview:-1\" \/>\n<link rel=\"canonical\" href=\"https:\/\/gt-sora.com\/ja\/trang-chu\/\" \/>\n<meta property=\"og:locale\" content=\"ja_JP\" \/>\n<meta property=\"og:type\" content=\"article\" \/>\n<meta property=\"og:title\" content=\"C\u00f4ng Ty TNHH G\u1ea5u Tr\u00fac (GT)\" \/>\n<meta property=\"og:description\" content=\"Ch\u00fang t\u00f4i tin r\u1eb1ng background kh\u00f4ng ch\u1ec9 l\u00e0 khung c\u1ea3nh, m\u00e0 c\u00f2n l\u00e0 ng\u00f4n ng\u1eef h\u00ecnh \u1ea3nh g\u00f3p ph\u1ea7n k\u1ec3 chuy\u1ec7n v\u00e0 truy\u1ec1n t\u1ea3i c\u1ea3m x\u00fac. V\u1edbi ph\u01b0\u01a1ng ch\u00e2m \u201cB\u1ed1i c\u1ea3nh t\u1ea1o c\u1ea3m x\u00fac \u2013 Kh\u00f4ng gian l\u00e0m n\u00ean chi\u1ec1u s\u00e2u\u201d, t\u1eebng t\u00e1c ph\u1ea9m c\u1ee7a ch\u00fang t\u00f4i \u0111\u1ec1u \u0111\u01b0\u1ee3c ch\u0103m ch\u00fat nh\u1eb1m t\u1ea1o n\u00ean tr\u1ea3i nghi\u1ec7m th\u1ecb gi\u00e1c tr\u1ecdn v\u1eb9n cho kh\u00e1n gi\u1ea3.\" \/>\n<meta property=\"og:url\" content=\"https:\/\/gt-sora.com\/ja\/trang-chu\/\" \/>\n<meta property=\"og:site_name\" content=\"C\u00f4ng Ty TNHH G\u1ea5u Tr\u00fac (GT)\" \/>\n<meta property=\"article:modified_time\" content=\"2025-12-30T05:04:03+00:00\" \/>\n<meta name=\"twitter:card\" content=\"summary_large_image\" \/>\n<meta name=\"twitter:title\" content=\"C\u00f4ng Ty TNHH G\u1ea5u Tr\u00fac (GT)\" \/>\n<meta name=\"twitter:description\" content=\"Ch\u00fang t\u00f4i tin r\u1eb1ng background kh\u00f4ng ch\u1ec9 l\u00e0 khung c\u1ea3nh, m\u00e0 c\u00f2n l\u00e0 ng\u00f4n ng\u1eef h\u00ecnh \u1ea3nh g\u00f3p ph\u1ea7n k\u1ec3 chuy\u1ec7n v\u00e0 truy\u1ec1n t\u1ea3i c\u1ea3m x\u00fac. V\u1edbi ph\u01b0\u01a1ng ch\u00e2m \u201cB\u1ed1i c\u1ea3nh t\u1ea1o c\u1ea3m x\u00fac \u2013 Kh\u00f4ng gian l\u00e0m n\u00ean chi\u1ec1u s\u00e2u\u201d, t\u1eebng t\u00e1c ph\u1ea9m c\u1ee7a ch\u00fang t\u00f4i \u0111\u1ec1u \u0111\u01b0\u1ee3c ch\u0103m ch\u00fat nh\u1eb1m t\u1ea1o n\u00ean tr\u1ea3i nghi\u1ec7m th\u1ecb gi\u00e1c tr\u1ecdn v\u1eb9n cho kh\u00e1n gi\u1ea3.\" \/>\n<script type=\"application\/ld+json\" class=\"yoast-schema-graph\">{\"@context\":\"https:\/\/schema.org\",\"@graph\":[{\"@type\":\"WebPage\",\"@id\":\"https:\/\/gt-sora.com\/trang-chu\/\",\"url\":\"https:\/\/gt-sora.com\/trang-chu\/\",\"name\":\"C\u00f4ng Ty TNHH G\u1ea5u Tr\u00fac (GT)\",\"isPartOf\":{\"@id\":\"https:\/\/gt-sora.com\/#website\"},\"datePublished\":\"2025-07-08T08:00:47+00:00\",\"dateModified\":\"2025-12-30T05:04:03+00:00\",\"description\":\"Ch\u00fang t\u00f4i tin r\u1eb1ng background kh\u00f4ng ch\u1ec9 l\u00e0 khung c\u1ea3nh, m\u00e0 c\u00f2n l\u00e0 ng\u00f4n ng\u1eef h\u00ecnh \u1ea3nh g\u00f3p ph\u1ea7n k\u1ec3 chuy\u1ec7n v\u00e0 truy\u1ec1n t\u1ea3i c\u1ea3m x\u00fac. V\u1edbi ph\u01b0\u01a1ng ch\u00e2m \u201cB\u1ed1i c\u1ea3nh t\u1ea1o c\u1ea3m x\u00fac \u2013 Kh\u00f4ng gian l\u00e0m n\u00ean chi\u1ec1u s\u00e2u\u201d, t\u1eebng t\u00e1c ph\u1ea9m c\u1ee7a ch\u00fang t\u00f4i \u0111\u1ec1u \u0111\u01b0\u1ee3c ch\u0103m ch\u00fat nh\u1eb1m t\u1ea1o n\u00ean tr\u1ea3i nghi\u1ec7m th\u1ecb gi\u00e1c tr\u1ecdn v\u1eb9n cho kh\u00e1n gi\u1ea3.\",\"breadcrumb\":{\"@id\":\"https:\/\/gt-sora.com\/trang-chu\/#breadcrumb\"},\"inLanguage\":\"ja\",\"potentialAction\":[{\"@type\":\"ReadAction\",\"target\":[\"https:\/\/gt-sora.com\/trang-chu\/\"]}]},{\"@type\":\"BreadcrumbList\",\"@id\":\"https:\/\/gt-sora.com\/trang-chu\/#breadcrumb\",\"itemListElement\":[{\"@type\":\"ListItem\",\"position\":1,\"name\":\"Trang ch\u1ee7\",\"item\":\"https:\/\/gt-sora.com\/\"},{\"@type\":\"ListItem\",\"position\":2,\"name\":\"TRANG CH\u1ee6\"}]},{\"@type\":\"WebSite\",\"@id\":\"https:\/\/gt-sora.com\/#website\",\"url\":\"https:\/\/gt-sora.com\/\",\"name\":\"C\u00f4ng Ty TNHH G\u1ea5u Tr\u00fac (GT)\",\"description\":\"\",\"potentialAction\":[{\"@type\":\"SearchAction\",\"target\":{\"@type\":\"EntryPoint\",\"urlTemplate\":\"https:\/\/gt-sora.com\/?s={search_term_string}\"},\"query-input\":\"required name=search_term_string\"}],\"inLanguage\":\"ja\"}]}<\/script>\n<!-- \/ Yoast SEO Premium plugin. -->","yoast_head_json":{"title":"C\u00f4ng Ty TNHH G\u1ea5u Tr\u00fac (GT)","description":"Ch\u00fang t\u00f4i tin r\u1eb1ng background kh\u00f4ng ch\u1ec9 l\u00e0 khung c\u1ea3nh, m\u00e0 c\u00f2n l\u00e0 ng\u00f4n ng\u1eef h\u00ecnh \u1ea3nh g\u00f3p ph\u1ea7n k\u1ec3 chuy\u1ec7n v\u00e0 truy\u1ec1n t\u1ea3i c\u1ea3m x\u00fac. V\u1edbi ph\u01b0\u01a1ng ch\u00e2m \u201cB\u1ed1i c\u1ea3nh t\u1ea1o c\u1ea3m x\u00fac \u2013 Kh\u00f4ng gian l\u00e0m n\u00ean chi\u1ec1u s\u00e2u\u201d, t\u1eebng t\u00e1c ph\u1ea9m c\u1ee7a ch\u00fang t\u00f4i \u0111\u1ec1u \u0111\u01b0\u1ee3c ch\u0103m ch\u00fat nh\u1eb1m t\u1ea1o n\u00ean tr\u1ea3i nghi\u1ec7m th\u1ecb gi\u00e1c tr\u1ecdn v\u1eb9n cho kh\u00e1n gi\u1ea3.","robots":{"index":"index","follow":"follow","max-snippet":"max-snippet:-1","max-image-preview":"max-image-preview:large","max-video-preview":"max-video-preview:-1"},"canonical":"https:\/\/gt-sora.com\/ja\/trang-chu\/","og_locale":"ja_JP","og_type":"article","og_title":"C\u00f4ng Ty TNHH G\u1ea5u Tr\u00fac (GT)","og_description":"Ch\u00fang t\u00f4i tin r\u1eb1ng background kh\u00f4ng ch\u1ec9 l\u00e0 khung c\u1ea3nh, m\u00e0 c\u00f2n l\u00e0 ng\u00f4n ng\u1eef h\u00ecnh \u1ea3nh g\u00f3p ph\u1ea7n k\u1ec3 chuy\u1ec7n v\u00e0 truy\u1ec1n t\u1ea3i c\u1ea3m x\u00fac. V\u1edbi ph\u01b0\u01a1ng ch\u00e2m \u201cB\u1ed1i c\u1ea3nh t\u1ea1o c\u1ea3m x\u00fac \u2013 Kh\u00f4ng gian l\u00e0m n\u00ean chi\u1ec1u s\u00e2u\u201d, t\u1eebng t\u00e1c ph\u1ea9m c\u1ee7a ch\u00fang t\u00f4i \u0111\u1ec1u \u0111\u01b0\u1ee3c ch\u0103m ch\u00fat nh\u1eb1m t\u1ea1o n\u00ean tr\u1ea3i nghi\u1ec7m th\u1ecb gi\u00e1c tr\u1ecdn v\u1eb9n cho kh\u00e1n gi\u1ea3.","og_url":"https:\/\/gt-sora.com\/ja\/trang-chu\/","og_site_name":"C\u00f4ng Ty TNHH G\u1ea5u Tr\u00fac (GT)","article_modified_time":"2025-12-30T05:04:03+00:00","twitter_card":"summary_large_image","twitter_title":"C\u00f4ng Ty TNHH G\u1ea5u Tr\u00fac (GT)","twitter_description":"Ch\u00fang t\u00f4i tin r\u1eb1ng background kh\u00f4ng ch\u1ec9 l\u00e0 khung c\u1ea3nh, m\u00e0 c\u00f2n l\u00e0 ng\u00f4n ng\u1eef h\u00ecnh \u1ea3nh g\u00f3p ph\u1ea7n k\u1ec3 chuy\u1ec7n v\u00e0 truy\u1ec1n t\u1ea3i c\u1ea3m x\u00fac. V\u1edbi ph\u01b0\u01a1ng ch\u00e2m \u201cB\u1ed1i c\u1ea3nh t\u1ea1o c\u1ea3m x\u00fac \u2013 Kh\u00f4ng gian l\u00e0m n\u00ean chi\u1ec1u s\u00e2u\u201d, t\u1eebng t\u00e1c ph\u1ea9m c\u1ee7a ch\u00fang t\u00f4i \u0111\u1ec1u \u0111\u01b0\u1ee3c ch\u0103m ch\u00fat nh\u1eb1m t\u1ea1o n\u00ean tr\u1ea3i nghi\u1ec7m th\u1ecb gi\u00e1c tr\u1ecdn v\u1eb9n cho kh\u00e1n gi\u1ea3.","schema":{"@context":"https:\/\/schema.org","@graph":[{"@type":"WebPage","@id":"https:\/\/gt-sora.com\/trang-chu\/","url":"https:\/\/gt-sora.com\/trang-chu\/","name":"C\u00f4ng Ty TNHH G\u1ea5u Tr\u00fac (GT)","isPartOf":{"@id":"https:\/\/gt-sora.com\/#website"},"datePublished":"2025-07-08T08:00:47+00:00","dateModified":"2025-12-30T05:04:03+00:00","description":"Ch\u00fang t\u00f4i tin r\u1eb1ng background kh\u00f4ng ch\u1ec9 l\u00e0 khung c\u1ea3nh, m\u00e0 c\u00f2n l\u00e0 ng\u00f4n ng\u1eef h\u00ecnh \u1ea3nh g\u00f3p ph\u1ea7n k\u1ec3 chuy\u1ec7n v\u00e0 truy\u1ec1n t\u1ea3i c\u1ea3m x\u00fac. V\u1edbi ph\u01b0\u01a1ng ch\u00e2m \u201cB\u1ed1i c\u1ea3nh t\u1ea1o c\u1ea3m x\u00fac \u2013 Kh\u00f4ng gian l\u00e0m n\u00ean chi\u1ec1u s\u00e2u\u201d, t\u1eebng t\u00e1c ph\u1ea9m c\u1ee7a ch\u00fang t\u00f4i \u0111\u1ec1u \u0111\u01b0\u1ee3c ch\u0103m ch\u00fat nh\u1eb1m t\u1ea1o n\u00ean tr\u1ea3i nghi\u1ec7m th\u1ecb gi\u00e1c tr\u1ecdn v\u1eb9n cho kh\u00e1n gi\u1ea3.","breadcrumb":{"@id":"https:\/\/gt-sora.com\/trang-chu\/#breadcrumb"},"inLanguage":"ja","potentialAction":[{"@type":"ReadAction","target":["https:\/\/gt-sora.com\/trang-chu\/"]}]},{"@type":"BreadcrumbList","@id":"https:\/\/gt-sora.com\/trang-chu\/#breadcrumb","itemListElement":[{"@type":"ListItem","position":1,"name":"Trang ch\u1ee7","item":"https:\/\/gt-sora.com\/"},{"@type":"ListItem","position":2,"name":"TRANG CH\u1ee6"}]},{"@type":"WebSite","@id":"https:\/\/gt-sora.com\/#website","url":"https:\/\/gt-sora.com\/","name":"C\u00f4ng Ty TNHH G\u1ea5u Tr\u00fac (GT)","description":"","potentialAction":[{"@type":"SearchAction","target":{"@type":"EntryPoint","urlTemplate":"https:\/\/gt-sora.com\/?s={search_term_string}"},"query-input":"required name=search_term_string"}],"inLanguage":"ja"}]}},"_links":{"self":[{"href":"https:\/\/gt-sora.com\/ja\/wp-json\/wp\/v2\/pages\/9","targetHints":{"allow":["GET"]}}],"collection":[{"href":"https:\/\/gt-sora.com\/ja\/wp-json\/wp\/v2\/pages"}],"about":[{"href":"https:\/\/gt-sora.com\/ja\/wp-json\/wp\/v2\/types\/page"}],"author":[{"embeddable":true,"href":"https:\/\/gt-sora.com\/ja\/wp-json\/wp\/v2\/users\/1"}],"replies":[{"embeddable":true,"href":"https:\/\/gt-sora.com\/ja\/wp-json\/wp\/v2\/comments?post=9"}],"version-history":[{"count":533,"href":"https:\/\/gt-sora.com\/ja\/wp-json\/wp\/v2\/pages\/9\/revisions"}],"predecessor-version":[{"id":3021,"href":"https:\/\/gt-sora.com\/ja\/wp-json\/wp\/v2\/pages\/9\/revisions\/3021"}],"wp:attachment":[{"href":"https:\/\/gt-sora.com\/ja\/wp-json\/wp\/v2\/media?parent=9"}],"curies":[{"name":"wp","href":"https:\/\/api.w.org\/{rel}","templated":true}]}}